{"id":254,"date":"2024-10-03T09:28:52","date_gmt":"2024-10-03T13:28:52","guid":{"rendered":"https:\/\/centredentaire360.com\/?page_id=254"},"modified":"2026-03-13T08:46:01","modified_gmt":"2026-03-13T12:46:01","slug":"about-us","status":"publish","type":"page","link":"http:\/\/centredentaire360.com\/en\/about-us\/","title":{"rendered":"About us"},"content":{"rendered":"\t\t<header  class=\"page-title section-block\" style=\"--section-block-bg:#3fb9ec;\" data-scroll-section>\n\t\t\t<div class=\"header inverted-colors\">\n\t\t\t\t<div class=\"container\">\n\t\t\t\t\t<div class=\"row\">\n\t\t\t\t\t\t<div class=\"col-md-8 col-10 offset-1\">\n\t\t\t\t\t\t\t\t\t\t\t\t\t\t\t<span class=\"upper-title\">About us<\/span>\n\t\t\t\t\t\t\t\t\t\t\t\t\t\t<h1 class=\"title title-1\">Clinique Dentaire<\/br>360<\/h1>\t\t\t\t\t\t\t\t\t\t\t\t\t<\/div>\n\t\t\t\t\t<\/div>\n\t\t\t\t<\/div>\n\t\t\t\t\t\t\t<\/div>\n\t\t\t\t\t<\/header>\n\t\n\n\t\t<section  class=\"text-block section-block \" style=\"\" data-scroll-section>\n\t\t\t<div class=\"container\">\n\t\t\t\t<div class=\"row\">\n\t\t\t\t\t<div class=\"col-sm-10 offset-sm-1 col-md-8 offset-md-2\">\n\t\t\t\t\t\t\t<div class=\"section-header align-left\">\n\t\t\t\t\t\t\t\t\t<div class=\"description\"><p>Centre dentaire 360 is a holistic clinic. Our approach considers the patient as a whole: the mouth and the teeth do not function in isolation. It is therefore essential to assess each patient as a whole (lifestyle, eating habits, stress management, deficiencies, postural problems&#8230;) and to work with, for example, naturopaths, osteopaths, chiropractors or acupuncturists. We are also committed to selecting the most biocompatible materials to limit any toxicity or adverse effects of our treatments.<\/p>\n<p>\u201cHolistic dentistry, in the absolute, is about getting a person from the beginning of their life to the end of their life to have no interventions at all.\u201d<\/p>\n<p>In the real world, people come in with dental problems, and together we try to choose the best treatment options, specific to each individual, while helping patients make the changes that will help prevent problems and maintain optimal health.<\/p>\n<\/div>\n\t\t\t\t\t<\/div>\n\t\t\t\t\t<\/div>\n\t\t\t\t<\/div>\n\t\t\t<\/div>\n\t\t<\/section>\n\t\n\n\t\t<section  class=\"half-half section-block \" style=\"\" data-scroll-section>\n\t\t\t<div class=\"container\">\n\t\t\t\t<div class=\"row row-main \">\n\t\t\t\t\t<div class=\"col-md-6 col-lg-6 col-img\">\n\t\t\t\t\t\t<div class=\"image-container\">\n\t\t\t\t\t\t\t\t\t\t\t\t\t\t\t<img decoding=\"async\" loading=\"lazy\" width=\"2560\" height=\"2560\" src=\"https:\/\/cdl-template.s3.ca-central-1.amazonaws.com\/wp-content\/uploads\/sites\/10\/2024\/10\/23103927\/CD_Duquet_DR_Frank_Hugbeke-005-scaled.jpg\" class=\"image\" alt=\"\" sizes=\"auto\" srcset=\"https:\/\/cdl-template.s3.ca-central-1.amazonaws.com\/wp-content\/uploads\/sites\/10\/2024\/10\/23103927\/CD_Duquet_DR_Frank_Hugbeke-005-scaled.jpg 2560w, https:\/\/cdl-template.s3.ca-central-1.amazonaws.com\/wp-content\/uploads\/sites\/10\/2024\/10\/23103927\/CD_Duquet_DR_Frank_Hugbeke-005-300x300.jpg 300w, https:\/\/cdl-template.s3.ca-central-1.amazonaws.com\/wp-content\/uploads\/sites\/10\/2024\/10\/23103927\/CD_Duquet_DR_Frank_Hugbeke-005-1024x1024.jpg 1024w, https:\/\/cdl-template.s3.ca-central-1.amazonaws.com\/wp-content\/uploads\/sites\/10\/2024\/10\/23103927\/CD_Duquet_DR_Frank_Hugbeke-005-150x150.jpg 150w, https:\/\/cdl-template.s3.ca-central-1.amazonaws.com\/wp-content\/uploads\/sites\/10\/2024\/10\/23103927\/CD_Duquet_DR_Frank_Hugbeke-005-768x768.jpg 768w, https:\/\/cdl-template.s3.ca-central-1.amazonaws.com\/wp-content\/uploads\/sites\/10\/2024\/10\/23103927\/CD_Duquet_DR_Frank_Hugbeke-005-1536x1536.jpg 1536w, https:\/\/cdl-template.s3.ca-central-1.amazonaws.com\/wp-content\/uploads\/sites\/10\/2024\/10\/23103927\/CD_Duquet_DR_Frank_Hugbeke-005-2048x2048.jpg 2048w, https:\/\/cdl-template.s3.ca-central-1.amazonaws.com\/wp-content\/uploads\/sites\/10\/2024\/10\/23103927\/CD_Duquet_DR_Frank_Hugbeke-005-960x960.jpg 960w, https:\/\/cdl-template.s3.ca-central-1.amazonaws.com\/wp-content\/uploads\/sites\/10\/2024\/10\/23103927\/CD_Duquet_DR_Frank_Hugbeke-005-1920x1920.jpg 1920w, https:\/\/cdl-template.s3.ca-central-1.amazonaws.com\/wp-content\/uploads\/sites\/10\/2024\/10\/23103927\/CD_Duquet_DR_Frank_Hugbeke-005-783x783.jpg 783w, https:\/\/cdl-template.s3.ca-central-1.amazonaws.com\/wp-content\/uploads\/sites\/10\/2024\/10\/23103927\/CD_Duquet_DR_Frank_Hugbeke-005-500x500.jpg 500w, https:\/\/cdl-template.s3.ca-central-1.amazonaws.com\/wp-content\/uploads\/sites\/10\/2024\/10\/23103927\/CD_Duquet_DR_Frank_Hugbeke-005-375x375.jpg 375w\" \/>\t\t\t\t\t\t\t\t\t\t\t\t\t<\/div>\n\t\t\t\t\t<\/div>\n\t\t\t\t\t<div class=\"col-md-5 col-lg-5 offset-lg-1 offset-md-0 col-content\">\n\t\t\t\t\t\t\t<div class=\"section-header\">\n\t\t\t\t<h2 class=\"title title-2\">Dr. Franck Hugb\u00e9k\u00e9<\/h2>\t\t\t\t\t<div class=\"description\"><p>A graduate of the Universit\u00e9 Claude Bernard in Lyon, France, Dr. Franck Hugb\u00e9k\u00e9 moved to Montreal with his family in 2011. After practicing in Westmount for ten years, he accepted Dr. Duquet&#8217;s offer to join his team in the summer of 2021. Like his colleague, he practices holistic dentistry, focusing on prevention and using the most biocompatible and natural products possible. He works closely with medical professionals and specialists in alternative and complementary medicine. This practice involves regular training to perfect his knowledge and scope of activity, as well as careful attention to the needs and particularities of each patient. It includes general dentistry, including implant restorations, certain surgical procedures, and InvisalignTM orthodontics.<\/p>\n<\/div>\n\t\t\t\t\t<\/div>\n\t\t\t\t\t<\/div>\n\t\t\t\t<\/div>\n\t\t\t<\/div>\n\t\t<\/section>\n\t\n\n\t\t\t\t\t<section  class=\"image-card-list section-block  section-block\" style=\"\" data-scroll-section>\n\t\t\t\t<div class=\"container\">\n\t\t\t\t\t<div class=\"row\">\n\t\t\t\t\t\t<div class=\"col-md-8 offset-md-2 col-header\">\n\t\t\t\t\t\t\t\t<div class=\"section-header align-center\">\n\t\t\t\t<h2 class=\"title title-2\">Your Dental Health, Our Priority!<\/h2>\t\t\t\t\t<div class=\"description\"><p>Our team of dedicated professionals is here to provide you with personalized care, delivered with attention and expertise.<\/p>\n<\/div>\n\t\t\t\t\t<\/div>\n\t\t\t\t\t\t<\/div>\n\t\t\t\t\t\t<div class=\"col-12 col-card-list\">\n\t\t\t\t\t\t\t<div class=\"row row-card-list\" data-card-list-slider>\n\t\t\t\t\t\t\t\t\t\t\t\t\t\t\t\t\t<div class=\"col-sm-4 col-md-3 col-card\">\n\t\t\t\t\t\t\t\t\t\t\n<div class=\"image-card\">\n\t<div class=\"image-container\">\n\t\t\t\t\t<img decoding=\"async\" loading=\"lazy\" width=\"2560\" height=\"2560\" src=\"https:\/\/cdl-template.s3.ca-central-1.amazonaws.com\/wp-content\/uploads\/sites\/10\/2024\/12\/03103434\/CD_Duquet_Annabelle_Theriault-003-scaled.jpg\" class=\"image\" alt=\"\" sizes=\"auto\" srcset=\"https:\/\/cdl-template.s3.ca-central-1.amazonaws.com\/wp-content\/uploads\/sites\/10\/2024\/12\/03103434\/CD_Duquet_Annabelle_Theriault-003-scaled.jpg 2560w, https:\/\/cdl-template.s3.ca-central-1.amazonaws.com\/wp-content\/uploads\/sites\/10\/2024\/12\/03103434\/CD_Duquet_Annabelle_Theriault-003-300x300.jpg 300w, https:\/\/cdl-template.s3.ca-central-1.amazonaws.com\/wp-content\/uploads\/sites\/10\/2024\/12\/03103434\/CD_Duquet_Annabelle_Theriault-003-1024x1024.jpg 1024w, https:\/\/cdl-template.s3.ca-central-1.amazonaws.com\/wp-content\/uploads\/sites\/10\/2024\/12\/03103434\/CD_Duquet_Annabelle_Theriault-003-150x150.jpg 150w, https:\/\/cdl-template.s3.ca-central-1.amazonaws.com\/wp-content\/uploads\/sites\/10\/2024\/12\/03103434\/CD_Duquet_Annabelle_Theriault-003-768x768.jpg 768w, https:\/\/cdl-template.s3.ca-central-1.amazonaws.com\/wp-content\/uploads\/sites\/10\/2024\/12\/03103434\/CD_Duquet_Annabelle_Theriault-003-1536x1536.jpg 1536w, https:\/\/cdl-template.s3.ca-central-1.amazonaws.com\/wp-content\/uploads\/sites\/10\/2024\/12\/03103434\/CD_Duquet_Annabelle_Theriault-003-2048x2048.jpg 2048w, https:\/\/cdl-template.s3.ca-central-1.amazonaws.com\/wp-content\/uploads\/sites\/10\/2024\/12\/03103434\/CD_Duquet_Annabelle_Theriault-003-960x960.jpg 960w, https:\/\/cdl-template.s3.ca-central-1.amazonaws.com\/wp-content\/uploads\/sites\/10\/2024\/12\/03103434\/CD_Duquet_Annabelle_Theriault-003-1920x1920.jpg 1920w, https:\/\/cdl-template.s3.ca-central-1.amazonaws.com\/wp-content\/uploads\/sites\/10\/2024\/12\/03103434\/CD_Duquet_Annabelle_Theriault-003-783x783.jpg 783w, https:\/\/cdl-template.s3.ca-central-1.amazonaws.com\/wp-content\/uploads\/sites\/10\/2024\/12\/03103434\/CD_Duquet_Annabelle_Theriault-003-500x500.jpg 500w, https:\/\/cdl-template.s3.ca-central-1.amazonaws.com\/wp-content\/uploads\/sites\/10\/2024\/12\/03103434\/CD_Duquet_Annabelle_Theriault-003-375x375.jpg 375w\" \/>\t\t\t<\/div>\n\t<div class=\"content\">\n\t\t<h3 class=\"title title-4\">Annabelle Th\u00e9riault<\/h3>\t\t\t\t\t<span class=\"subtitle\">Dental Hygienist<\/span>\n\t\t\t<\/div>\n<\/div>\t\t\t\t\t\t\t\t\t<\/div>\n\t\t\t\t\t\t\t\t\t\t\t\t\t\t\t\t\t<div class=\"col-sm-4 col-md-3 col-card\">\n\t\t\t\t\t\t\t\t\t\t\n<div class=\"image-card\">\n\t<div class=\"image-container\">\n\t\t\t\t\t<img decoding=\"async\" loading=\"lazy\" width=\"2560\" height=\"2560\" src=\"https:\/\/cdl-template.s3.ca-central-1.amazonaws.com\/wp-content\/uploads\/sites\/10\/2024\/12\/03103447\/CD_Duquet_Danielle_Chamberland-003-scaled.jpg\" class=\"image\" alt=\"\" sizes=\"auto\" srcset=\"https:\/\/cdl-template.s3.ca-central-1.amazonaws.com\/wp-content\/uploads\/sites\/10\/2024\/12\/03103447\/CD_Duquet_Danielle_Chamberland-003-scaled.jpg 2560w, https:\/\/cdl-template.s3.ca-central-1.amazonaws.com\/wp-content\/uploads\/sites\/10\/2024\/12\/03103447\/CD_Duquet_Danielle_Chamberland-003-300x300.jpg 300w, https:\/\/cdl-template.s3.ca-central-1.amazonaws.com\/wp-content\/uploads\/sites\/10\/2024\/12\/03103447\/CD_Duquet_Danielle_Chamberland-003-1024x1024.jpg 1024w, https:\/\/cdl-template.s3.ca-central-1.amazonaws.com\/wp-content\/uploads\/sites\/10\/2024\/12\/03103447\/CD_Duquet_Danielle_Chamberland-003-150x150.jpg 150w, https:\/\/cdl-template.s3.ca-central-1.amazonaws.com\/wp-content\/uploads\/sites\/10\/2024\/12\/03103447\/CD_Duquet_Danielle_Chamberland-003-768x768.jpg 768w, https:\/\/cdl-template.s3.ca-central-1.amazonaws.com\/wp-content\/uploads\/sites\/10\/2024\/12\/03103447\/CD_Duquet_Danielle_Chamberland-003-1536x1536.jpg 1536w, https:\/\/cdl-template.s3.ca-central-1.amazonaws.com\/wp-content\/uploads\/sites\/10\/2024\/12\/03103447\/CD_Duquet_Danielle_Chamberland-003-2048x2048.jpg 2048w, https:\/\/cdl-template.s3.ca-central-1.amazonaws.com\/wp-content\/uploads\/sites\/10\/2024\/12\/03103447\/CD_Duquet_Danielle_Chamberland-003-960x960.jpg 960w, https:\/\/cdl-template.s3.ca-central-1.amazonaws.com\/wp-content\/uploads\/sites\/10\/2024\/12\/03103447\/CD_Duquet_Danielle_Chamberland-003-1920x1920.jpg 1920w, https:\/\/cdl-template.s3.ca-central-1.amazonaws.com\/wp-content\/uploads\/sites\/10\/2024\/12\/03103447\/CD_Duquet_Danielle_Chamberland-003-783x783.jpg 783w, https:\/\/cdl-template.s3.ca-central-1.amazonaws.com\/wp-content\/uploads\/sites\/10\/2024\/12\/03103447\/CD_Duquet_Danielle_Chamberland-003-500x500.jpg 500w, https:\/\/cdl-template.s3.ca-central-1.amazonaws.com\/wp-content\/uploads\/sites\/10\/2024\/12\/03103447\/CD_Duquet_Danielle_Chamberland-003-375x375.jpg 375w\" \/>\t\t\t<\/div>\n\t<div class=\"content\">\n\t\t<h3 class=\"title title-4\">Danielle Chamberland<\/h3>\t\t\t\t\t<span class=\"subtitle\">Dental Secretary<\/span>\n\t\t\t<\/div>\n<\/div>\t\t\t\t\t\t\t\t\t<\/div>\n\t\t\t\t\t\t\t\t\t\t\t\t\t\t\t\t\t<div class=\"col-sm-4 col-md-3 col-card\">\n\t\t\t\t\t\t\t\t\t\t\n<div class=\"image-card\">\n\t<div class=\"image-container\">\n\t\t\t\t\t<img decoding=\"async\" loading=\"lazy\" width=\"2560\" height=\"2560\" src=\"https:\/\/cdl-template.s3.ca-central-1.amazonaws.com\/wp-content\/uploads\/sites\/10\/2024\/12\/03103459\/CD_Duquet_Kathie_Caron_Berghello-003-scaled.jpg\" class=\"image\" alt=\"\" sizes=\"auto\" srcset=\"https:\/\/cdl-template.s3.ca-central-1.amazonaws.com\/wp-content\/uploads\/sites\/10\/2024\/12\/03103459\/CD_Duquet_Kathie_Caron_Berghello-003-scaled.jpg 2560w, https:\/\/cdl-template.s3.ca-central-1.amazonaws.com\/wp-content\/uploads\/sites\/10\/2024\/12\/03103459\/CD_Duquet_Kathie_Caron_Berghello-003-300x300.jpg 300w, https:\/\/cdl-template.s3.ca-central-1.amazonaws.com\/wp-content\/uploads\/sites\/10\/2024\/12\/03103459\/CD_Duquet_Kathie_Caron_Berghello-003-1024x1024.jpg 1024w, https:\/\/cdl-template.s3.ca-central-1.amazonaws.com\/wp-content\/uploads\/sites\/10\/2024\/12\/03103459\/CD_Duquet_Kathie_Caron_Berghello-003-150x150.jpg 150w, https:\/\/cdl-template.s3.ca-central-1.amazonaws.com\/wp-content\/uploads\/sites\/10\/2024\/12\/03103459\/CD_Duquet_Kathie_Caron_Berghello-003-768x768.jpg 768w, https:\/\/cdl-template.s3.ca-central-1.amazonaws.com\/wp-content\/uploads\/sites\/10\/2024\/12\/03103459\/CD_Duquet_Kathie_Caron_Berghello-003-1536x1536.jpg 1536w, https:\/\/cdl-template.s3.ca-central-1.amazonaws.com\/wp-content\/uploads\/sites\/10\/2024\/12\/03103459\/CD_Duquet_Kathie_Caron_Berghello-003-2048x2048.jpg 2048w, https:\/\/cdl-template.s3.ca-central-1.amazonaws.com\/wp-content\/uploads\/sites\/10\/2024\/12\/03103459\/CD_Duquet_Kathie_Caron_Berghello-003-960x960.jpg 960w, https:\/\/cdl-template.s3.ca-central-1.amazonaws.com\/wp-content\/uploads\/sites\/10\/2024\/12\/03103459\/CD_Duquet_Kathie_Caron_Berghello-003-1920x1920.jpg 1920w, https:\/\/cdl-template.s3.ca-central-1.amazonaws.com\/wp-content\/uploads\/sites\/10\/2024\/12\/03103459\/CD_Duquet_Kathie_Caron_Berghello-003-783x783.jpg 783w, https:\/\/cdl-template.s3.ca-central-1.amazonaws.com\/wp-content\/uploads\/sites\/10\/2024\/12\/03103459\/CD_Duquet_Kathie_Caron_Berghello-003-500x500.jpg 500w, https:\/\/cdl-template.s3.ca-central-1.amazonaws.com\/wp-content\/uploads\/sites\/10\/2024\/12\/03103459\/CD_Duquet_Kathie_Caron_Berghello-003-375x375.jpg 375w\" \/>\t\t\t<\/div>\n\t<div class=\"content\">\n\t\t<h3 class=\"title title-4\">Kathie Caron Berghello<\/h3>\t\t\t\t\t<span class=\"subtitle\">Dental Assistant<\/span>\n\t\t\t<\/div>\n<\/div>\t\t\t\t\t\t\t\t\t<\/div>\n\t\t\t\t\t\t\t\t\t\t\t\t\t\t\t\t\t<div class=\"col-sm-4 col-md-3 col-card\">\n\t\t\t\t\t\t\t\t\t\t\n<div class=\"image-card\">\n\t<div class=\"image-container\">\n\t\t\t\t\t<img decoding=\"async\" loading=\"lazy\" width=\"2560\" height=\"2560\" src=\"https:\/\/cdl-template.s3.ca-central-1.amazonaws.com\/wp-content\/uploads\/sites\/10\/2024\/12\/03103511\/CD_Duquet_Louise_Cadorette-001-scaled.jpg\" class=\"image\" alt=\"\" sizes=\"auto\" srcset=\"https:\/\/cdl-template.s3.ca-central-1.amazonaws.com\/wp-content\/uploads\/sites\/10\/2024\/12\/03103511\/CD_Duquet_Louise_Cadorette-001-scaled.jpg 2560w, https:\/\/cdl-template.s3.ca-central-1.amazonaws.com\/wp-content\/uploads\/sites\/10\/2024\/12\/03103511\/CD_Duquet_Louise_Cadorette-001-300x300.jpg 300w, https:\/\/cdl-template.s3.ca-central-1.amazonaws.com\/wp-content\/uploads\/sites\/10\/2024\/12\/03103511\/CD_Duquet_Louise_Cadorette-001-1024x1024.jpg 1024w, https:\/\/cdl-template.s3.ca-central-1.amazonaws.com\/wp-content\/uploads\/sites\/10\/2024\/12\/03103511\/CD_Duquet_Louise_Cadorette-001-150x150.jpg 150w, https:\/\/cdl-template.s3.ca-central-1.amazonaws.com\/wp-content\/uploads\/sites\/10\/2024\/12\/03103511\/CD_Duquet_Louise_Cadorette-001-768x768.jpg 768w, https:\/\/cdl-template.s3.ca-central-1.amazonaws.com\/wp-content\/uploads\/sites\/10\/2024\/12\/03103511\/CD_Duquet_Louise_Cadorette-001-1536x1536.jpg 1536w, https:\/\/cdl-template.s3.ca-central-1.amazonaws.com\/wp-content\/uploads\/sites\/10\/2024\/12\/03103511\/CD_Duquet_Louise_Cadorette-001-2048x2048.jpg 2048w, https:\/\/cdl-template.s3.ca-central-1.amazonaws.com\/wp-content\/uploads\/sites\/10\/2024\/12\/03103511\/CD_Duquet_Louise_Cadorette-001-960x960.jpg 960w, https:\/\/cdl-template.s3.ca-central-1.amazonaws.com\/wp-content\/uploads\/sites\/10\/2024\/12\/03103511\/CD_Duquet_Louise_Cadorette-001-1920x1920.jpg 1920w, https:\/\/cdl-template.s3.ca-central-1.amazonaws.com\/wp-content\/uploads\/sites\/10\/2024\/12\/03103511\/CD_Duquet_Louise_Cadorette-001-783x783.jpg 783w, https:\/\/cdl-template.s3.ca-central-1.amazonaws.com\/wp-content\/uploads\/sites\/10\/2024\/12\/03103511\/CD_Duquet_Louise_Cadorette-001-500x500.jpg 500w, https:\/\/cdl-template.s3.ca-central-1.amazonaws.com\/wp-content\/uploads\/sites\/10\/2024\/12\/03103511\/CD_Duquet_Louise_Cadorette-001-375x375.jpg 375w\" \/>\t\t\t<\/div>\n\t<div class=\"content\">\n\t\t<h3 class=\"title title-4\">Louise Cadorette<\/h3>\t\t\t\t\t<span class=\"subtitle\">Dental Assistant<\/span>\n\t\t\t<\/div>\n<\/div>\t\t\t\t\t\t\t\t\t<\/div>\n\t\t\t\t\t\t\t\t\t\t\t\t\t\t\t<\/div>\n\t\t\t\t\t\t<\/div>\n\t\t\t\t\t<\/div>\n\t\t\t\t<\/div>\n\t\t\t<\/section>\n\t\t\t\n\n\t\t<section  class=\"half-cta section-block\" data-scroll-section>\n\t\t\t<div class=\"container\">\n\t\t\t\t<div class=\"row main-row\">\n\t\t\t\t\t\t\t\t\t\t\t\t\t\t\t<div class=\"col-sm-10 col-md-5 offset-sm-1 offset-md-0 col-half col-first-half  with-background\" style=\"--column-bg-color:#e1f0f6;\">\n\t\t\t<div class=\"content-wrapper\">\n\t\t\t\t\t<div class=\"section-header align-left\">\n\t\t\t\t<h2 class=\"title main-title\">Request a dental appointment now!<\/h2>\t\t\t\t\t<div class=\"description\"><p>Complete the online request form and our team will communicate with you to finalize the appointment.<\/p>\n<\/div>\n\t\t\t\t\t\t\t<div class=\"btns\">\n\t\t\t\t\t\t\t\t\t\t\t\t\t\t<a href=\"http:\/\/centredentaire360.com\/en\/make-an-appointment\/\" \n\t\t\t\t\t\tclass=\"button button-primary\" \n\t\t\t\t\t\t \n\t\t\t\t\t\t>\n\t\t\t\t\t\t\t\t\t\t\t\t\t<span class=\"text\">Make an appointment<\/span>\n\t\t\t\t\t\t\t\t\t\t\t\t\t\t\t\t\t<\/a>\n\t\t\t\t\t\t\t\t\t\t\t<\/div>\n\t\t\t<\/div>\n\t\t\t\t\t\t\t<\/div>\n\t\t<\/div>\n\t\t\t\t\t\t\t\t\t\t\t\t\t\t\t\t\t\t\t\t\t<div class=\"col-sm-10 col-md-5 offset-sm-1 offset-md-2 col-half col-last-half inverted-colors with-background\" style=\"--column-bg-color:#3fb9ec;\">\n\t\t\t<div class=\"content-wrapper\">\n\t\t\t\t\t<div class=\"section-header align-left\">\n\t\t\t\t<h2 class=\"title main-title\">All oral health care services under one roof<\/h2>\t\t\t\t\t<div class=\"description\"><p>We have a wide range of experience.<\/p>\n<\/div>\n\t\t\t\t\t\t\t<div class=\"btns\">\n\t\t\t\t\t\t\t\t\t\t\t\t\t\t<a href=\"http:\/\/centredentaire360.com\/en\/services\/\" \n\t\t\t\t\t\tclass=\"button button-secondary\" \n\t\t\t\t\t\t \n\t\t\t\t\t\t>\n\t\t\t\t\t\t\t\t\t\t\t\t\t<span class=\"text\">Discover all our services<\/span>\n\t\t\t\t\t\t\t\t\t\t\t\t\t\t\t\t\t<\/a>\n\t\t\t\t\t\t\t\t\t\t\t<\/div>\n\t\t\t<\/div>\n\t\t\t\t\t\t\t<\/div>\n\t\t<\/div>\n\t\t\t\t\t\t\t\t\t\t<\/div>\n\t\t\t<\/div>\n\t\t<\/section>\n\t","protected":false},"excerpt":{"rendered":"","protected":false},"author":23,"featured_media":0,"parent":0,"menu_order":21,"comment_status":"closed","ping_status":"closed","template":"","meta":{"_acf_changed":false,"footnotes":""},"acf":[],"yoast_head":"<!-- This site is optimized with the Yoast SEO plugin v23.0 - https:\/\/yoast.com\/wordpress\/plugins\/seo\/ -->\n<title>About us | Centre dentaire 360<\/title>\n<meta name=\"robots\" content=\"index, follow, max-snippet:-1, max-image-preview:large, max-video-preview:-1\" \/>\n<link rel=\"canonical\" href=\"http:\/\/centredentaire360.com\/en\/about-us\/\" \/>\n<meta property=\"og:locale\" content=\"en_US\" \/>\n<meta property=\"og:type\" content=\"article\" \/>\n<meta property=\"og:title\" content=\"About us | Centre dentaire 360\" \/>\n<meta property=\"og:url\" content=\"http:\/\/centredentaire360.com\/en\/about-us\/\" \/>\n<meta property=\"og:site_name\" content=\"Centre Dentaire Duquet &amp; associ\u00e9s\" \/>\n<meta property=\"article:modified_time\" content=\"2026-03-13T12:46:01+00:00\" \/>\n<meta name=\"twitter:card\" content=\"summary_large_image\" \/>\n<script type=\"application\/ld+json\" class=\"yoast-schema-graph\">{\"@context\":\"https:\/\/schema.org\",\"@graph\":[{\"@type\":\"WebPage\",\"@id\":\"http:\/\/centredentaire360.com\/en\/about-us\/\",\"url\":\"http:\/\/centredentaire360.com\/en\/about-us\/\",\"name\":\"About us | Centre dentaire 360\",\"isPartOf\":{\"@id\":\"https:\/\/centredentaire360.com\/en\/#website\"},\"datePublished\":\"2024-10-03T13:28:52+00:00\",\"dateModified\":\"2026-03-13T12:46:01+00:00\",\"breadcrumb\":{\"@id\":\"http:\/\/centredentaire360.com\/en\/about-us\/#breadcrumb\"},\"inLanguage\":\"en-US\",\"potentialAction\":[{\"@type\":\"ReadAction\",\"target\":[\"http:\/\/centredentaire360.com\/en\/about-us\/\"]}]},{\"@type\":\"BreadcrumbList\",\"@id\":\"http:\/\/centredentaire360.com\/en\/about-us\/#breadcrumb\",\"itemListElement\":[{\"@type\":\"ListItem\",\"position\":1,\"name\":\"Accueil\",\"item\":\"https:\/\/centredentaire360.com\/en\/\"},{\"@type\":\"ListItem\",\"position\":2,\"name\":\"About us\"}]},{\"@type\":\"WebSite\",\"@id\":\"https:\/\/centredentaire360.com\/en\/#website\",\"url\":\"https:\/\/centredentaire360.com\/en\/\",\"name\":\"Centre dentaire 360\",\"description\":\"\",\"potentialAction\":[{\"@type\":\"SearchAction\",\"target\":{\"@type\":\"EntryPoint\",\"urlTemplate\":\"https:\/\/centredentaire360.com\/en\/?s={search_term_string}\"},\"query-input\":\"required name=search_term_string\"}],\"inLanguage\":\"en-US\"}]}<\/script>\n<!-- \/ Yoast SEO plugin. -->","yoast_head_json":{"title":"About us | Centre dentaire 360","robots":{"index":"index","follow":"follow","max-snippet":"max-snippet:-1","max-image-preview":"max-image-preview:large","max-video-preview":"max-video-preview:-1"},"canonical":"http:\/\/centredentaire360.com\/en\/about-us\/","og_locale":"en_US","og_type":"article","og_title":"About us | Centre dentaire 360","og_url":"http:\/\/centredentaire360.com\/en\/about-us\/","og_site_name":"Centre Dentaire Duquet &amp; associ\u00e9s","article_modified_time":"2026-03-13T12:46:01+00:00","twitter_card":"summary_large_image","schema":{"@context":"https:\/\/schema.org","@graph":[{"@type":"WebPage","@id":"http:\/\/centredentaire360.com\/en\/about-us\/","url":"http:\/\/centredentaire360.com\/en\/about-us\/","name":"About us | Centre dentaire 360","isPartOf":{"@id":"https:\/\/centredentaire360.com\/en\/#website"},"datePublished":"2024-10-03T13:28:52+00:00","dateModified":"2026-03-13T12:46:01+00:00","breadcrumb":{"@id":"http:\/\/centredentaire360.com\/en\/about-us\/#breadcrumb"},"inLanguage":"en-US","potentialAction":[{"@type":"ReadAction","target":["http:\/\/centredentaire360.com\/en\/about-us\/"]}]},{"@type":"BreadcrumbList","@id":"http:\/\/centredentaire360.com\/en\/about-us\/#breadcrumb","itemListElement":[{"@type":"ListItem","position":1,"name":"Accueil","item":"https:\/\/centredentaire360.com\/en\/"},{"@type":"ListItem","position":2,"name":"About us"}]},{"@type":"WebSite","@id":"https:\/\/centredentaire360.com\/en\/#website","url":"https:\/\/centredentaire360.com\/en\/","name":"Centre dentaire 360","description":"","potentialAction":[{"@type":"SearchAction","target":{"@type":"EntryPoint","urlTemplate":"https:\/\/centredentaire360.com\/en\/?s={search_term_string}"},"query-input":"required name=search_term_string"}],"inLanguage":"en-US"}]}},"_links":{"self":[{"href":"https:\/\/centredentaire360.com\/en\/wp-json\/wp\/v2\/pages\/254"}],"collection":[{"href":"https:\/\/centredentaire360.com\/en\/wp-json\/wp\/v2\/pages"}],"about":[{"href":"https:\/\/centredentaire360.com\/en\/wp-json\/wp\/v2\/types\/page"}],"author":[{"embeddable":true,"href":"https:\/\/centredentaire360.com\/en\/wp-json\/wp\/v2\/users\/23"}],"replies":[{"embeddable":true,"href":"https:\/\/centredentaire360.com\/en\/wp-json\/wp\/v2\/comments?post=254"}],"version-history":[{"count":23,"href":"https:\/\/centredentaire360.com\/en\/wp-json\/wp\/v2\/pages\/254\/revisions"}],"predecessor-version":[{"id":868,"href":"https:\/\/centredentaire360.com\/en\/wp-json\/wp\/v2\/pages\/254\/revisions\/868"}],"wp:attachment":[{"href":"https:\/\/centredentaire360.com\/en\/wp-json\/wp\/v2\/media?parent=254"}],"curies":[{"name":"wp","href":"https:\/\/api.w.org\/{rel}","templated":true}]}}